{"id":35,"date":"2017-01-12T10:37:14","date_gmt":"2017-01-12T09:37:14","guid":{"rendered":"http:\/\/jchmielewski.republika.pl\/?page_id=35"},"modified":"2017-09-21T14:39:36","modified_gmt":"2017-09-21T14:39:36","slug":"main","status":"publish","type":"page","link":"http:\/\/jchmielewski.pl\/","title":{"rendered":"Strona g\u0142\u00f3wna"},"content":{"rendered":"<div id=\"pl-35\"  class=\"panel-layout\" ><div id=\"pg-35-0\"  class=\"panel-grid panel-no-style\" ><div id=\"pgc-35-0-0\"  class=\"panel-grid-cell\" ><div id=\"panel-35-0-0-0\" class=\"so-panel widget widget_sow-image panel-first-child panel-last-child\" data-index=\"0\" ><div\n\t\t\t\n\t\t\tclass=\"so-widget-sow-image so-widget-sow-image-default-8b5b6f678277-35\"\n\t\t\t\n\t\t>\n\n<div class=\"sow-image-container\">\n\t\t\t<a href=\"http:\/\/www.nice.pl\/\"\n\t\t\ttarget=\"_blank\" rel=\"noopener noreferrer\" \t\t>\n\t\t\t<img loading=\"lazy\" decoding=\"async\" src=\"http:\/\/jchmielewski.pl\/wp-content\/uploads\/2017\/01\/LOGO-RGB-150x150.jpg\" width=\"150\" height=\"150\" srcset=\"http:\/\/jchmielewski.pl\/wp-content\/uploads\/2017\/01\/LOGO-RGB-150x150.jpg 150w, http:\/\/jchmielewski.pl\/wp-content\/uploads\/2017\/01\/LOGO-RGB-300x300.jpg 300w, http:\/\/jchmielewski.pl\/wp-content\/uploads\/2017\/01\/LOGO-RGB-768x768.jpg 768w, http:\/\/jchmielewski.pl\/wp-content\/uploads\/2017\/01\/LOGO-RGB-1024x1024.jpg 1024w, http:\/\/jchmielewski.pl\/wp-content\/uploads\/2017\/01\/LOGO-RGB-100x100.jpg 100w, http:\/\/jchmielewski.pl\/wp-content\/uploads\/2017\/01\/LOGO-RGB.jpg 1181w\" sizes=\"auto, (max-width: 150px) 100vw, 150px\" title=\"LOGO RGB\" alt=\"\" \t\tclass=\"so-widget-image img-responsive\"\/>\n\t<\/a><\/div>\n\n<\/div><\/div><\/div><div id=\"pgc-35-0-1\"  class=\"panel-grid-cell\" ><div id=\"panel-35-0-1-0\" class=\"so-panel widget widget_sow-image panel-first-child panel-last-child\" data-index=\"1\" ><div\n\t\t\t\n\t\t\tclass=\"so-widget-sow-image so-widget-sow-image-default-8b5b6f678277-35\"\n\t\t\t\n\t\t>\n\n<div class=\"sow-image-container\">\n\t\t\t<a href=\"http:\/\/www.bigtor.pl\/\"\n\t\t\ttarget=\"_blank\" rel=\"noopener noreferrer\" \t\t>\n\t\t\t<img loading=\"lazy\" decoding=\"async\" src=\"http:\/\/jchmielewski.pl\/wp-content\/uploads\/2017\/01\/bigtor_logo.jpg\" width=\"150\" height=\"121\" srcset=\"http:\/\/jchmielewski.pl\/wp-content\/uploads\/2017\/01\/bigtor_logo.jpg 609w, http:\/\/jchmielewski.pl\/wp-content\/uploads\/2017\/01\/bigtor_logo-300x241.jpg 300w\" sizes=\"auto, (max-width: 150px) 100vw, 150px\" alt=\"\" \t\tclass=\"so-widget-image img-responsive\"\/>\n\t<\/a><\/div>\n\n<\/div><\/div><\/div><div id=\"pgc-35-0-2\"  class=\"panel-grid-cell\" ><div id=\"panel-35-0-2-0\" class=\"so-panel widget widget_sow-image panel-first-child panel-last-child\" data-index=\"2\" ><div\n\t\t\t\n\t\t\tclass=\"so-widget-sow-image so-widget-sow-image-default-8b5b6f678277-35\"\n\t\t\t\n\t\t>\n\n<div class=\"sow-image-container\">\n\t\t\t<a href=\"https:\/\/faac.pl\/\"\n\t\t\ttarget=\"_blank\" rel=\"noopener noreferrer\" \t\t>\n\t\t\t<img alt=\"\" \t\tclass=\"so-widget-image img-responsive\"\/>\n\t<\/a><\/div>\n\n<\/div><\/div><\/div><div id=\"pgc-35-0-3\"  class=\"panel-grid-cell\" ><div id=\"panel-35-0-3-0\" class=\"so-panel widget widget_sow-image panel-first-child panel-last-child\" data-index=\"3\" ><div\n\t\t\t\n\t\t\tclass=\"so-widget-sow-image so-widget-sow-image-default-8b5b6f678277-35\"\n\t\t\t\n\t\t>\n\n<div class=\"sow-image-container\">\n\t\t\t<a href=\"https:\/\/www.normstahl.pl\"\n\t\t\ttarget=\"_blank\" rel=\"noopener noreferrer\" \t\t>\n\t\t\t<img loading=\"lazy\" decoding=\"async\" src=\"http:\/\/jchmielewski.pl\/wp-content\/uploads\/2017\/01\/norm_logo-150x150.jpg\" width=\"150\" height=\"150\" srcset=\"http:\/\/jchmielewski.pl\/wp-content\/uploads\/2017\/01\/norm_logo-150x150.jpg 150w, http:\/\/jchmielewski.pl\/wp-content\/uploads\/2017\/01\/norm_logo-100x100.jpg 100w, http:\/\/jchmielewski.pl\/wp-content\/uploads\/2017\/01\/norm_logo.jpg 272w\" sizes=\"auto, (max-width: 150px) 100vw, 150px\" alt=\"\" \t\tclass=\"so-widget-image img-responsive\"\/>\n\t<\/a><\/div>\n\n<\/div><\/div><\/div><div id=\"pgc-35-0-4\"  class=\"panel-grid-cell\" ><div id=\"panel-35-0-4-0\" class=\"so-panel widget widget_sow-image panel-first-child panel-last-child\" data-index=\"4\" ><div\n\t\t\t\n\t\t\tclass=\"so-widget-sow-image so-widget-sow-image-default-8b5b6f678277-35\"\n\t\t\t\n\t\t>\n\n<div class=\"sow-image-container\">\n\t\t\t<a href=\"http:\/\/beninca.pl\/\"\n\t\t\ttarget=\"_blank\" rel=\"noopener noreferrer\" \t\t>\n\t\t\t<img loading=\"lazy\" decoding=\"async\" src=\"http:\/\/jchmielewski.pl\/wp-content\/uploads\/2017\/01\/Beninca_320-150x150.jpg\" width=\"150\" height=\"150\" srcset=\"http:\/\/jchmielewski.pl\/wp-content\/uploads\/2017\/01\/Beninca_320-150x150.jpg 150w, http:\/\/jchmielewski.pl\/wp-content\/uploads\/2017\/01\/Beninca_320-300x300.jpg 300w, http:\/\/jchmielewski.pl\/wp-content\/uploads\/2017\/01\/Beninca_320-100x100.jpg 100w, http:\/\/jchmielewski.pl\/wp-content\/uploads\/2017\/01\/Beninca_320.jpg 320w\" sizes=\"auto, (max-width: 150px) 100vw, 150px\" alt=\"\" \t\tclass=\"so-widget-image img-responsive\"\/>\n\t<\/a><\/div>\n\n<\/div><\/div><\/div><div id=\"pgc-35-0-5\"  class=\"panel-grid-cell\" ><div id=\"panel-35-0-5-0\" class=\"so-panel widget widget_sow-image panel-first-child panel-last-child\" data-index=\"5\" ><div\n\t\t\t\n\t\t\tclass=\"so-widget-sow-image so-widget-sow-image-default-8b5b6f678277-35\"\n\t\t\t\n\t\t>\n\n<div class=\"sow-image-container\">\n\t\t\t<a href=\"http:\/\/www.came.com\/\"\n\t\t\ttarget=\"_blank\" rel=\"noopener noreferrer\" \t\t>\n\t\t\t<img loading=\"lazy\" decoding=\"async\" src=\"http:\/\/jchmielewski.pl\/wp-content\/uploads\/2017\/01\/Came_logo-150x150.png\" width=\"150\" height=\"150\" srcset=\"http:\/\/jchmielewski.pl\/wp-content\/uploads\/2017\/01\/Came_logo-150x150.png 150w, http:\/\/jchmielewski.pl\/wp-content\/uploads\/2017\/01\/Came_logo-100x100.png 100w, http:\/\/jchmielewski.pl\/wp-content\/uploads\/2017\/01\/Came_logo.png 200w\" sizes=\"auto, (max-width: 150px) 100vw, 150px\" alt=\"\" \t\tclass=\"so-widget-image img-responsive\"\/>\n\t<\/a><\/div>\n\n<\/div><\/div><\/div><div id=\"pgc-35-0-6\"  class=\"panel-grid-cell\" ><div id=\"panel-35-0-6-0\" class=\"so-panel widget widget_sow-image panel-first-child panel-last-child\" data-index=\"6\" ><div\n\t\t\t\n\t\t\tclass=\"so-widget-sow-image so-widget-sow-image-default-8b5b6f678277-35\"\n\t\t\t\n\t\t>\n\n<div class=\"sow-image-container\">\n\t\t\t<a href=\"http:\/\/legbudgargula.com\/\"\n\t\t\ttarget=\"_blank\" rel=\"noopener noreferrer\" \t\t>\n\t\t\t<img loading=\"lazy\" decoding=\"async\" src=\"http:\/\/jchmielewski.pl\/wp-content\/uploads\/2017\/01\/legbud_150x150-150x150.jpg\" width=\"150\" height=\"150\" srcset=\"http:\/\/jchmielewski.pl\/wp-content\/uploads\/2017\/01\/legbud_150x150-150x150.jpg 150w, http:\/\/jchmielewski.pl\/wp-content\/uploads\/2017\/01\/legbud_150x150-100x100.jpg 100w\" sizes=\"auto, (max-width: 150px) 100vw, 150px\" alt=\"\" \t\tclass=\"so-widget-image img-responsive\"\/>\n\t<\/a><\/div>\n\n<\/div><\/div><\/div><\/div><div id=\"pg-35-1\"  class=\"panel-grid panel-no-style\" ><div id=\"pgc-35-1-0\"  class=\"panel-grid-cell\" ><div id=\"panel-35-1-0-0\" class=\"so-panel widget widget_sow-editor panel-first-child panel-last-child\" data-index=\"7\" ><div\n\t\t\t\n\t\t\tclass=\"so-widget-sow-editor so-widget-sow-editor-base\"\n\t\t\t\n\t\t>\n<div class=\"siteorigin-widget-tinymce textwidget\">\n\t<p>Firma \u015alusarstwo Jerzy Chmielewski zosta\u0142a za\u0142o\u017cona w 1985 roku. Dzi\u0119ki ponad 30 letniemu do\u015bwiadczeniu jeste\u015bmy sprawdzonym i pewnym parterem. Oferujemy produkty najlepszych producent\u00f3w na rynku a nasze do\u015bwiadczenie mo\u017ce \u015bwiadczy\u0107 o profesjonali\u015bci naszych us\u0142ug.<\/p>\n<\/div>\n<\/div><\/div><\/div><\/div><div id=\"pg-35-2\"  class=\"panel-grid panel-no-style\" ><div id=\"pgc-35-2-0\"  class=\"panel-grid-cell\" ><div id=\"panel-35-2-0-0\" class=\"so-panel widget widget_sow-slider panel-first-child panel-last-child\" data-index=\"8\" ><div\n\t\t\t\n\t\t\tclass=\"so-widget-sow-slider so-widget-sow-slider-default-6d39609536fd-35\"\n\t\t\t\n\t\t>\t\t\t\t<div class=\"sow-slider-base\" style=\"display: none\" tabindex=\"0\">\n\t\t\t\t\t<ul\n\t\t\t\t\tclass=\"sow-slider-images\"\n\t\t\t\t\tdata-settings=\"{&quot;pagination&quot;:true,&quot;speed&quot;:800,&quot;timeout&quot;:8000,&quot;paused&quot;:false,&quot;pause_on_hover&quot;:false,&quot;swipe&quot;:true,&quot;nav_always_show_desktop&quot;:&quot;&quot;,&quot;nav_always_show_mobile&quot;:&quot;&quot;,&quot;breakpoint&quot;:&quot;780px&quot;,&quot;unmute&quot;:false,&quot;anchor&quot;:null}\"\n\t\t\t\t\t\t\t\t\t\tdata-anchor-id=\"\"\n\t\t\t\t>\t\t<li class=\"sow-slider-image\" style=\"visibility: visible;\" >\n\t\t\t\t\t\t<div class=\"sow-slider-image-container\">\n\t\t\t\t<div class=\"sow-slider-image-wrapper\" style=\"max-width: 1024px\">\n\t\t\t\t\t\t\t\t\t\t<div class=\"sow-slider-image-foreground-wrapper\">\n\t\t\t\t\t\t<img loading=\"lazy\" decoding=\"async\" width=\"1024\" height=\"681\" src=\"http:\/\/jchmielewski.pl\/wp-content\/uploads\/2017\/01\/RAL_1011.jpg\" class=\"sow-slider-foreground-image img-responsive\" alt=\"\" style=\"\" srcset=\"http:\/\/jchmielewski.pl\/wp-content\/uploads\/2017\/01\/RAL_1011.jpg 1024w, http:\/\/jchmielewski.pl\/wp-content\/uploads\/2017\/01\/RAL_1011-300x200.jpg 300w, http:\/\/jchmielewski.pl\/wp-content\/uploads\/2017\/01\/RAL_1011-768x511.jpg 768w\" sizes=\"auto, (max-width: 1024px) 100vw, 1024px\" \/>\t\t\t\t\t<\/div>\n\t\t\t\t\t\t\t\t\t<\/div>\n\t\t\t<\/div>\n\t\t\t\t\t<\/li>\n\t\t\t\t<li class=\"sow-slider-image\" style=\"visibility: hidden;\" >\n\t\t\t\t\t\t<div class=\"sow-slider-image-container\">\n\t\t\t\t<div class=\"sow-slider-image-wrapper\" style=\"max-width: 2724px\">\n\t\t\t\t\t\t\t\t\t\t<div class=\"sow-slider-image-foreground-wrapper\">\n\t\t\t\t\t\t<img loading=\"lazy\" decoding=\"async\" width=\"2724\" height=\"1635\" src=\"http:\/\/jchmielewski.pl\/wp-content\/uploads\/2017\/01\/Premium-Braz-czekoladowy_RAL.jpg\" class=\"sow-slider-foreground-image img-responsive\" alt=\"\" style=\"\" srcset=\"http:\/\/jchmielewski.pl\/wp-content\/uploads\/2017\/01\/Premium-Braz-czekoladowy_RAL.jpg 2724w, http:\/\/jchmielewski.pl\/wp-content\/uploads\/2017\/01\/Premium-Braz-czekoladowy_RAL-300x180.jpg 300w, http:\/\/jchmielewski.pl\/wp-content\/uploads\/2017\/01\/Premium-Braz-czekoladowy_RAL-768x461.jpg 768w, http:\/\/jchmielewski.pl\/wp-content\/uploads\/2017\/01\/Premium-Braz-czekoladowy_RAL-1024x615.jpg 1024w, http:\/\/jchmielewski.pl\/wp-content\/uploads\/2017\/01\/Premium-Braz-czekoladowy_RAL-2000x1200.jpg 2000w\" sizes=\"auto, (max-width: 2724px) 100vw, 2724px\" \/>\t\t\t\t\t<\/div>\n\t\t\t\t\t\t\t\t\t<\/div>\n\t\t\t<\/div>\n\t\t\t\t\t<\/li>\n\t\t<\/ul>\t\t\t\t<ol class=\"sow-slider-pagination\">\n\t\t\t\t\t\t\t\t\t\t\t<li><a href=\"#\" data-goto=\"0\" aria-label=\"display slide 1\"><\/a><\/li>\n\t\t\t\t\t\t\t\t\t\t\t<li><a href=\"#\" data-goto=\"1\" aria-label=\"display slide 2\"><\/a><\/li>\n\t\t\t\t\t\t\t\t\t<\/ol>\n\n\t\t\t\t<div class=\"sow-slide-nav sow-slide-nav-next\">\n\t\t\t\t\t<a href=\"#\" data-goto=\"next\" aria-label=\"next slide\" data-action=\"next\">\n\t\t\t\t\t\t<em class=\"sow-sld-icon-thin-right\"><\/em>\n\t\t\t\t\t<\/a>\n\t\t\t\t<\/div>\n\n\t\t\t\t<div class=\"sow-slide-nav sow-slide-nav-prev\">\n\t\t\t\t\t<a href=\"#\" data-goto=\"previous\" aria-label=\"previous slide\" data-action=\"prev\">\n\t\t\t\t\t\t<em class=\"sow-sld-icon-thin-left\"><\/em>\n\t\t\t\t\t<\/a>\n\t\t\t\t<\/div>\n\t\t\t\t<\/div><\/div><\/div><\/div><\/div><\/div>","protected":false},"excerpt":{"rendered":"<p>Firma \u015alusarstwo Jerzy Chmielewski zosta\u0142a za\u0142o\u017cona w 1985 roku. Dzi\u0119ki ponad 30 letniemu do\u015bwiadczeniu jeste\u015bmy sprawdzonym i pewnym parterem. Oferujemy produkty najlepszych producent\u00f3w na rynku a nasze do\u015bwiadczenie mo\u017ce \u015bwiadczy\u0107 o profesjonali\u015bci naszych us\u0142ug.<\/p>\n","protected":false},"author":1,"featured_media":0,"parent":0,"menu_order":0,"comment_status":"closed","ping_status":"closed","template":"","meta":{"footnotes":""},"class_list":["post-35","page","type-page","status-publish","hentry"],"_links":{"self":[{"href":"http:\/\/jchmielewski.pl\/index.php\/wp-json\/wp\/v2\/pages\/35","targetHints":{"allow":["GET"]}}],"collection":[{"href":"http:\/\/jchmielewski.pl\/index.php\/wp-json\/wp\/v2\/pages"}],"about":[{"href":"http:\/\/jchmielewski.pl\/index.php\/wp-json\/wp\/v2\/types\/page"}],"author":[{"embeddable":true,"href":"http:\/\/jchmielewski.pl\/index.php\/wp-json\/wp\/v2\/users\/1"}],"replies":[{"embeddable":true,"href":"http:\/\/jchmielewski.pl\/index.php\/wp-json\/wp\/v2\/comments?post=35"}],"version-history":[{"count":2,"href":"http:\/\/jchmielewski.pl\/index.php\/wp-json\/wp\/v2\/pages\/35\/revisions"}],"predecessor-version":[{"id":265,"href":"http:\/\/jchmielewski.pl\/index.php\/wp-json\/wp\/v2\/pages\/35\/revisions\/265"}],"wp:attachment":[{"href":"http:\/\/jchmielewski.pl\/index.php\/wp-json\/wp\/v2\/media?parent=35"}],"curies":[{"name":"wp","href":"https:\/\/api.w.org\/{rel}","templated":true}]}}